{"id":5776,"date":"2021-09-06T07:56:39","date_gmt":"2021-09-06T07:56:39","guid":{"rendered":"https:\/\/www.inprogroup.net\/contacto\/"},"modified":"2024-10-22T11:23:52","modified_gmt":"2024-10-22T11:23:52","slug":"contact","status":"publish","type":"page","link":"https:\/\/www.inprord.com\/en\/contact\/","title":{"rendered":"CONTACT"},"content":{"rendered":"<p>[et_pb_section fb_built=&#8221;1&#8243; admin_label=&#8221;Cabecera&#8221; module_class=&#8221;pagina__cabecera&#8221; _builder_version=&#8221;4.16&#8243; background_image=&#8221;https:\/\/www.inprord.com\/wp-content\/uploads\/2021\/10\/Imagen-Contacto-web-Limpia-1.jpg&#8221; locked=&#8221;off&#8221; global_colors_info=&#8221;{}&#8221;][et_pb_row admin_label=&#8221;Fila Cabecera&#8221; _builder_version=&#8221;4.16&#8243; global_colors_info=&#8221;{}&#8221;][et_pb_column type=&#8221;4_4&#8243; _builder_version=&#8221;4.16&#8243; global_colors_info=&#8221;{}&#8221;][et_pb_text _builder_version=&#8221;4.16&#8243; global_colors_info=&#8221;{}&#8221;]<\/p>\n<div class=\"banner__texto\">\n<h1>Contact us<\/h1>\n<\/div>\n<p>[\/et_pb_text][\/et_pb_column][\/et_pb_row][\/et_pb_section][et_pb_section fb_built=&#8221;1&#8243; module_class=&#8221;contenido__seccion&#8221; _builder_version=&#8221;4.16&#8243; global_colors_info=&#8221;{}&#8221;][et_pb_row _builder_version=&#8221;4.16&#8243; global_colors_info=&#8221;{}&#8221;][et_pb_column type=&#8221;4_4&#8243; _builder_version=&#8221;4.16&#8243; global_colors_info=&#8221;{}&#8221;][et_pb_text module_class=&#8221;contenido__texto&#8221; _builder_version=&#8221;4.16&#8243; text_font_size=&#8221;18px&#8221; global_colors_info=&#8221;{}&#8221;]<\/p>\n<p>If you have any questions or need furhter information about our products and services, please contact us through the following form. We will be happy to help you.<\/p>\n<p>[\/et_pb_text][et_pb_code _builder_version=&#8221;4.16&#8243; global_colors_info=&#8221;{}&#8221;]\n<div class=\"wpcf7 no-js\" id=\"wpcf7-f5867-o1\" lang=\"en-US\" dir=\"ltr\" data-wpcf7-id=\"5867\">\n<div class=\"screen-reader-response\"><p role=\"status\" aria-live=\"polite\" aria-atomic=\"true\"><\/p> <ul><\/ul><\/div>\n<form action=\"\/en\/wp-json\/wp\/v2\/pages\/5776#wpcf7-f5867-o1\" method=\"post\" class=\"wpcf7-form init\" aria-label=\"Contact form\" novalidate=\"novalidate\" data-status=\"init\">\n<fieldset class=\"hidden-fields-container\"><input type=\"hidden\" name=\"_wpcf7\" value=\"5867\" \/><input type=\"hidden\" name=\"_wpcf7_version\" value=\"6.1.5\" \/><input type=\"hidden\" name=\"_wpcf7_locale\" value=\"en_US\" \/><input type=\"hidden\" name=\"_wpcf7_unit_tag\" value=\"wpcf7-f5867-o1\" \/><input type=\"hidden\" name=\"_wpcf7_container_post\" value=\"0\" \/><input type=\"hidden\" name=\"_wpcf7_posted_data_hash\" value=\"\" \/><input type=\"hidden\" name=\"_wpcf7_recaptcha_response\" value=\"\" \/>\n<\/fieldset>\n<div class=\"pagina-contacto\">\n<div class=\"flex__row\">\n    <div class=\"flex__col-6\">\n        <span class=\"wpcf7-form-control-wrap\" data-name=\"nombre-apellido\"><input size=\"40\" maxlength=\"400\" class=\"wpcf7-form-control wpcf7-text wpcf7-validates-as-required\" aria-required=\"true\" aria-invalid=\"false\" placeholder=\"Name\" value=\"\" type=\"text\" name=\"nombre-apellido\" \/><\/span>\n    <\/div>\n    <div class=\"flex__col-6\">\n\n        <span class=\"wpcf7-form-control-wrap\" data-name=\"empresa\"><input size=\"40\" maxlength=\"400\" class=\"wpcf7-form-control wpcf7-text wpcf7-validates-as-required\" aria-required=\"true\" aria-invalid=\"false\" placeholder=\"Company\" value=\"\" type=\"text\" name=\"empresa\" \/><\/span>\n    <\/div>\n<\/div>\n\n<div class=\"flex__row\">\n\n    <div class=\"flex__col-6\">\n\n        <span class=\"wpcf7-form-control-wrap\" data-name=\"telefono\"><input size=\"40\" maxlength=\"400\" class=\"wpcf7-form-control wpcf7-text wpcf7-validates-as-required\" aria-required=\"true\" aria-invalid=\"false\" placeholder=\"Phone\" value=\"\" type=\"text\" name=\"telefono\" \/><\/span>\n    <\/div>\n\n    <div class=\"flex__col-6\">\n\n        <span class=\"wpcf7-form-control-wrap\" data-name=\"email\"><input size=\"40\" maxlength=\"400\" class=\"wpcf7-form-control wpcf7-email wpcf7-validates-as-required wpcf7-text wpcf7-validates-as-email\" aria-required=\"true\" aria-invalid=\"false\" placeholder=\"email\" value=\"\" type=\"email\" name=\"email\" \/><\/span>\n    <\/div>\n<\/div>\n\n\n<div class=\"flex__row\">\n    <div class=\"flex__col-12\">\n\n        <span class=\"wpcf7-form-control-wrap\" data-name=\"asunto\"><input size=\"40\" maxlength=\"400\" class=\"wpcf7-form-control wpcf7-text wpcf7-validates-as-required\" aria-required=\"true\" aria-invalid=\"false\" placeholder=\"Subject\" value=\"\" type=\"text\" name=\"asunto\" \/><\/span>\n    <\/div>\n<\/div>\n<div class=\"flex__row\">\n    <div class=\"flex__col-12\">\n        <span class=\"wpcf7-form-control-wrap\" data-name=\"mensaje\"><textarea cols=\"40\" rows=\"10\" maxlength=\"2000\" class=\"wpcf7-form-control wpcf7-textarea\" aria-invalid=\"false\" placeholder=\"Message\" name=\"mensaje\"><\/textarea><\/span>\n    <\/div>\n<\/div>\n<div class=\"flex__row\">\n    <div class=\"flex__col-12  mb-2 mt-2\">\n        <span class=\"wpcf7-form-control-wrap\" data-name=\"acceptance-471\"><span class=\"wpcf7-form-control wpcf7-acceptance\"><span class=\"wpcf7-list-item\"><label><input type=\"checkbox\" name=\"acceptance-471\" value=\"1\" aria-invalid=\"false\" \/><span class=\"wpcf7-list-item-label\">Agree Terms and Conditions<\/span><\/label><\/span><\/span><\/span>\n    <\/div>\n<\/div>\n\n<div class=\"flex__row boton__enviar \">\n    <div class=\"flex__col-12 flex justify-center\t\">\n        <input class=\"wpcf7-form-control wpcf7-submit has-spinner\" type=\"submit\" value=\"Send\" \/>\n    <\/div>\n<\/div>\n<\/div><div class=\"wpcf7-response-output\" aria-hidden=\"true\"><\/div>\n<\/form>\n<\/div>\n[\/et_pb_code][\/et_pb_column][\/et_pb_row][\/et_pb_section][et_pb_section fb_built=&#8221;1&#8243; _builder_version=&#8221;4.16&#8243; global_colors_info=&#8221;{}&#8221;][et_pb_row column_structure=&#8221;1_3,1_3,1_3&#8243; _builder_version=&#8221;4.16&#8243; global_colors_info=&#8221;{}&#8221;][et_pb_column type=&#8221;1_3&#8243; _builder_version=&#8221;4.16&#8243; global_colors_info=&#8221;{}&#8221;][et_pb_text module_class=&#8221;contacto__direccion&#8221; _builder_version=&#8221;4.21.0&#8243; global_colors_info=&#8221;{}&#8221;]<\/p>\n<h3 class=\"naranja\">INPRO GROUP<\/h3>\n<div class=\"direccion\">Telf. +34 918 71 92 94<br \/><a class=\"gris_oscuro\" href=\"mailto:info@inprosa.net\">info@inprord.com<\/a><\/div>\n<p>[\/et_pb_text][\/et_pb_column][et_pb_column type=&#8221;1_3&#8243; _builder_version=&#8221;4.16&#8243; global_colors_info=&#8221;{}&#8221;][et_pb_text module_class=&#8221;contacto__direccion&#8221; _builder_version=&#8221;4.27.0&#8243; hover_enabled=&#8221;0&#8243; global_colors_info=&#8221;{}&#8221; sticky_enabled=&#8221;0&#8243;]<\/p>\n<h3 class=\"naranja\">IBERIA SALES (SPAIN AND PORTUGAL)<\/h3>\n<div class=\"direccion\">\n<div><span class=\"nombre\">Antonio Santamar\u00eda<\/span>: <a class=\"gris_oscuro\" href=\"mailto:ventas@inprord.com\">ventas@inprord.com<\/a><\/div>\n<div><span class=\"nombre\">\u00c1ngela Garc\u00eda<\/span>:\u00a0<a class=\"gris_oscuro\" href=\"mailto:comercial@inprord.com\">comercial@inprord.com<\/a><\/div>\n<div><span class=\"nombre\">Yolanda Rodr\u00edguez<\/span>:\u00a0<a class=\"gris_oscuro\" href=\"mailto:info@inprord.com\">info@inprord.com<\/a><\/div>\n<p>Telf. +34 918 71 92 94 &#8211; Ext: 1<\/p>\n<\/div>\n<p>[\/et_pb_text][\/et_pb_column][et_pb_column type=&#8221;1_3&#8243; _builder_version=&#8221;4.16&#8243; global_colors_info=&#8221;{}&#8221;][et_pb_text module_class=&#8221;contacto__direccion&#8221; _builder_version=&#8221;4.21.0&#8243; global_colors_info=&#8221;{}&#8221;]<\/p>\n<h3 class=\"naranja\">INTERNATIONAL SALES<\/h3>\n<div class=\"direccion\">\n<div><span class=\"nombre\">Jos\u00e9 Mar\u00eda Samplon<\/span>:\u00a0<a class=\"gris_oscuro\" href=\"mailto:export@inprord.com\">export@inprord.com<\/a><\/div>\n<div><span class=\"nombre\">Purificaci\u00f3n D\u00e1vila<\/span>:\u00a0<a class=\"gris_oscuro\" href=\"mailto:internacional@inprord.com\">internacional@inprord.com<\/a><\/div>\n<p>Telf. +34 918 71 92 94 &#8211; Ext: 5<\/p>\n<\/div>\n<p>[\/et_pb_text][\/et_pb_column][\/et_pb_row][\/et_pb_section][et_pb_section fb_built=&#8221;1&#8243; _builder_version=&#8221;4.16&#8243; global_colors_info=&#8221;{}&#8221;][et_pb_row _builder_version=&#8221;4.16&#8243; min_height=&#8221;85.7px&#8221; custom_padding=&#8221;21px|||||&#8221; global_colors_info=&#8221;{}&#8221;][et_pb_column type=&#8221;4_4&#8243; _builder_version=&#8221;4.16&#8243; global_colors_info=&#8221;{}&#8221;][et_pb_button button_url=&#8221;@ET-DC@eyJkeW5hbWljIjp0cnVlLCJjb250ZW50IjoicG9zdF9saW5rX3VybF9wYWdlIiwic2V0dGluZ3MiOnsicG9zdF9pZCI6IjcyIn19@&#8221; button_text=&#8221;Click her  to find your nearest partner or consultant&#8221; module_class=&#8221;inpro__boton&#8221; _builder_version=&#8221;4.16&#8243; _dynamic_attributes=&#8221;button_url&#8221; global_colors_info=&#8221;{}&#8221;][\/et_pb_button][\/et_pb_column][\/et_pb_row][\/et_pb_section][et_pb_section fb_built=&#8221;1&#8243; _builder_version=&#8221;4.16&#8243; width=&#8221;100%&#8221; max_width=&#8221;100%&#8221; min_height=&#8221;400px&#8221; global_colors_info=&#8221;{}&#8221;][et_pb_row _builder_version=&#8221;4.16&#8243; width=&#8221;100%&#8221; max_width=&#8221;100%&#8221; custom_margin=&#8221;23px|auto||auto||&#8221; custom_padding=&#8221;|0px||||&#8221; global_colors_info=&#8221;{}&#8221;][et_pb_column type=&#8221;4_4&#8243; _builder_version=&#8221;4.16&#8243; global_colors_info=&#8221;{}&#8221;][et_pb_code _builder_version=&#8221;4.16&#8243; width=&#8221;100%&#8221; max_width=&#8221;100%&#8221; global_colors_info=&#8221;{}&#8221;]<iframe loading=\"lazy\" class=\"mapaContacto\" src=\"https:\/\/www.google.com\/maps\/embed?pb=!1m18!1m12!1m3!1d3042.5109212210928!2d-3.4883874841792655!3d40.3088170793779!2m3!1f0!2f0!3f0!3m2!1i1024!2i768!4f13.1!3m3!1m2!1s0xd423e9194b45e89%3A0xf664d2764b485b89!2sCalle+Invierno%2C+4%2C+28500+Arganda+del+Rey%2C+Madrid!5e0!3m2!1ses!2ses!4v1511512322760\" width=\"90%\" height=\"550\" frameborder=\"0\" style=\"border:0\" allowfullscreen><\/iframe><!-- [et_pb_line_break_holder] --><!-- [et_pb_line_break_holder] -->[\/et_pb_code][\/et_pb_column][\/et_pb_row][\/et_pb_section]<\/p>\n","protected":false},"excerpt":{"rendered":"<p>Contact us If you have any questions or need furhter information about our products and services, please contact us through the following form. We will be happy to help you.\n<div class=\"wpcf7 no-js\" id=\"wpcf7-f5867-o2\" lang=\"en-US\" dir=\"ltr\" data-wpcf7-id=\"5867\">\n<div class=\"screen-reader-response\"><p role=\"status\" aria-live=\"polite\" aria-atomic=\"true\"><\/p> <ul><\/ul><\/div>\n<form action=\"\/en\/wp-json\/wp\/v2\/pages\/5776#wpcf7-f5867-o2\" method=\"post\" class=\"wpcf7-form init\" aria-label=\"Contact form\" novalidate=\"novalidate\" data-status=\"init\">\n<fieldset class=\"hidden-fields-container\"><input type=\"hidden\" name=\"_wpcf7\" value=\"5867\" \/><input type=\"hidden\" name=\"_wpcf7_version\" value=\"6.1.5\" \/><input type=\"hidden\" name=\"_wpcf7_locale\" value=\"en_US\" \/><input type=\"hidden\" name=\"_wpcf7_unit_tag\" value=\"wpcf7-f5867-o2\" \/><input type=\"hidden\" name=\"_wpcf7_container_post\" value=\"0\" \/><input type=\"hidden\" name=\"_wpcf7_posted_data_hash\" value=\"\" \/><input type=\"hidden\" name=\"_wpcf7_recaptcha_response\" value=\"\" \/>\n<\/fieldset>\n<div class=\"pagina-contacto\">\n<div class=\"flex__row\">\n    <div class=\"flex__col-6\">\n        <span class=\"wpcf7-form-control-wrap\" data-name=\"nombre-apellido\"><input size=\"40\" maxlength=\"400\" class=\"wpcf7-form-control wpcf7-text wpcf7-validates-as-required\" aria-required=\"true\" aria-invalid=\"false\" placeholder=\"Name\" value=\"\" type=\"text\" name=\"nombre-apellido\" \/><\/span>\n    <\/div>\n    <div class=\"flex__col-6\">\n\n        <span class=\"wpcf7-form-control-wrap\" data-name=\"empresa\"><input size=\"40\" maxlength=\"400\" class=\"wpcf7-form-control wpcf7-text wpcf7-validates-as-required\" aria-required=\"true\" aria-invalid=\"false\" placeholder=\"Company\" value=\"\" type=\"text\" name=\"empresa\" \/><\/span>\n    <\/div>\n<\/div>\n\n<div class=\"flex__row\">\n\n    <div class=\"flex__col-6\">\n\n        <span class=\"wpcf7-form-control-wrap\" data-name=\"telefono\"><input size=\"40\" maxlength=\"400\" class=\"wpcf7-form-control wpcf7-text wpcf7-validates-as-required\" aria-required=\"true\" aria-invalid=\"false\" placeholder=\"Phone\" value=\"\" type=\"text\" name=\"telefono\" \/><\/span>\n    <\/div>\n\n    <div class=\"flex__col-6\">\n\n        <span class=\"wpcf7-form-control-wrap\" data-name=\"email\"><input size=\"40\" maxlength=\"400\" class=\"wpcf7-form-control wpcf7-email wpcf7-validates-as-required wpcf7-text wpcf7-validates-as-email\" aria-required=\"true\" aria-invalid=\"false\" placeholder=\"email\" value=\"\" type=\"email\" name=\"email\" \/><\/span>\n    <\/div>\n<\/div>\n\n\n<div class=\"flex__row\">\n    <div class=\"flex__col-12\">\n\n        <span class=\"wpcf7-form-control-wrap\" data-name=\"asunto\"><input size=\"40\" maxlength=\"400\" class=\"wpcf7-form-control wpcf7-text wpcf7-validates-as-required\" aria-required=\"true\" aria-invalid=\"false\" placeholder=\"Subject\" value=\"\" type=\"text\" name=\"asunto\" \/><\/span>\n    <\/div>\n<\/div>\n<div class=\"flex__row\">\n    <div class=\"flex__col-12\">\n        <span class=\"wpcf7-form-control-wrap\" data-name=\"mensaje\"><textarea cols=\"40\" rows=\"10\" maxlength=\"2000\" class=\"wpcf7-form-control wpcf7-textarea\" aria-invalid=\"false\" placeholder=\"Message\" name=\"mensaje\"><\/textarea><\/span>\n    <\/div>\n<\/div>\n<div class=\"flex__row\">\n    <div class=\"flex__col-12  mb-2 mt-2\">\n        <span class=\"wpcf7-form-control-wrap\" data-name=\"acceptance-471\"><span class=\"wpcf7-form-control wpcf7-acceptance\"><span class=\"wpcf7-list-item\"><label><input type=\"checkbox\" name=\"acceptance-471\" value=\"1\" aria-invalid=\"false\" \/><span class=\"wpcf7-list-item-label\">Agree Terms and Conditions<\/span><\/label><\/span><\/span><\/span>\n    <\/div>\n<\/div>\n\n<div class=\"flex__row boton__enviar \">\n    <div class=\"flex__col-12 flex justify-center\t\">\n        <input class=\"wpcf7-form-control wpcf7-submit has-spinner\" type=\"submit\" value=\"Send\" \/>\n    <\/div>\n<\/div>\n<\/div><div class=\"wpcf7-response-output\" aria-hidden=\"true\"><\/div>\n<\/form>\n<\/div>\nINPRO GROUP Telf. +34 918 71 92 94info@inprord.comIBERIA SALES (SPAIN AND PORTUGAL) Antonio Santamar\u00eda: ventas@inprord.com \u00c1ngela Garc\u00eda:\u00a0comercial@inprord.com Yolanda Rodr\u00edguez:\u00a0info@inprord.com Telf. +34 918 71 [&hellip;]<\/p>\n","protected":false},"author":1,"featured_media":0,"parent":0,"menu_order":0,"comment_status":"closed","ping_status":"closed","template":"","meta":{"_acf_changed":false,"_et_pb_use_builder":"on","_et_pb_old_content":"","_et_gb_content_width":"","footnotes":""},"class_list":["post-5776","page","type-page","status-publish","hentry"],"acf":[],"_links":{"self":[{"href":"https:\/\/www.inprord.com\/en\/wp-json\/wp\/v2\/pages\/5776","targetHints":{"allow":["GET"]}}],"collection":[{"href":"https:\/\/www.inprord.com\/en\/wp-json\/wp\/v2\/pages"}],"about":[{"href":"https:\/\/www.inprord.com\/en\/wp-json\/wp\/v2\/types\/page"}],"author":[{"embeddable":true,"href":"https:\/\/www.inprord.com\/en\/wp-json\/wp\/v2\/users\/1"}],"replies":[{"embeddable":true,"href":"https:\/\/www.inprord.com\/en\/wp-json\/wp\/v2\/comments?post=5776"}],"version-history":[{"count":19,"href":"https:\/\/www.inprord.com\/en\/wp-json\/wp\/v2\/pages\/5776\/revisions"}],"predecessor-version":[{"id":28909,"href":"https:\/\/www.inprord.com\/en\/wp-json\/wp\/v2\/pages\/5776\/revisions\/28909"}],"wp:attachment":[{"href":"https:\/\/www.inprord.com\/en\/wp-json\/wp\/v2\/media?parent=5776"}],"curies":[{"name":"wp","href":"https:\/\/api.w.org\/{rel}","templated":true}]}}