{"id":30699,"date":"2024-12-09T12:26:00","date_gmt":"2024-12-09T12:26:00","guid":{"rendered":"https:\/\/www.inprord.com\/?page_id=30699"},"modified":"2024-12-09T12:26:05","modified_gmt":"2024-12-09T12:26:05","slug":"inpro-evenements-salons","status":"publish","type":"page","link":"https:\/\/www.inprord.com\/fr\/inpro-evenements-salons\/","title":{"rendered":"Inpro \u00e0 l&#8217;occasion d&#8217;\u00e9v\u00e9nements et de salons"},"content":{"rendered":"<p>[et_pb_section fb_built=&#8221;1&#8243; admin_label=&#8221;Cabecera&#8221; module_class=&#8221;pagina__cabecera&#8221; _builder_version=&#8221;4.27.0&#8243; background_image=&#8221;https:\/\/www.inprord.com\/wp-content\/uploads\/2024\/11\/cabcera-eventos-.jpg&#8221; custom_margin=&#8221;||63px|||&#8221; background_last_edited=&#8221;on|phone&#8221; background_image_phone=&#8221;https:\/\/www.inprord.com\/wp-content\/uploads\/2023\/07\/HVO-READY-4.png&#8221; background_enable_image_phone=&#8221;on&#8221; locked=&#8221;off&#8221; collapsed=&#8221;off&#8221; global_colors_info=&#8221;{}&#8221;][et_pb_row admin_label=&#8221;Fila Cabecera&#8221; _builder_version=&#8221;4.16&#8243; global_colors_info=&#8221;{}&#8221;][et_pb_column type=&#8221;4_4&#8243; module_class=&#8221;cabecera__banner&#8221; _builder_version=&#8221;4.16&#8243; global_colors_info=&#8221;{}&#8221;][et_pb_text _builder_version=&#8221;4.27.4&#8243; header_font=&#8221;Raleway|700|||||||&#8221; header_2_font=&#8221;Raleway||||||||&#8221; header_2_font_size=&#8221;35px&#8221; header_2_line_height=&#8221;1.5em&#8221; header_2_font_size_tablet=&#8221;&#8221; header_2_font_size_phone=&#8221;25px&#8221; header_2_font_size_last_edited=&#8221;on|phone&#8221; global_colors_info=&#8221;{}&#8221;]<\/p>\n<div class=\"banner__texto\">\n<h1>Inpro \u00e0 l&#8217;occasion d&#8217;\u00e9v\u00e9nements et de salons<\/h1>\n<p>Nous participons \u00e0 des \u00e9v\u00e9nements industriels et \u00e0 des foires commerciales, en pr\u00e9sentant des solutions technologiques innovantes et en \u00e9tablissant des alliances strat\u00e9giques.<\/p>\n<\/div>\n<p>[\/et_pb_text][\/et_pb_column][\/et_pb_row][\/et_pb_section][et_pb_section fb_built=&#8221;1&#8243; _builder_version=&#8221;4.27.0&#8243; _module_preset=&#8221;default&#8221; global_colors_info=&#8221;{}&#8221;][et_pb_row _builder_version=&#8221;4.27.0&#8243; _module_preset=&#8221;default&#8221; global_colors_info=&#8221;{}&#8221;][et_pb_column type=&#8221;4_4&#8243; _builder_version=&#8221;4.27.0&#8243; _module_preset=&#8221;default&#8221; global_colors_info=&#8221;{}&#8221;][et_pb_blog fullwidth=&#8221;off&#8221; include_categories=&#8221;328&#8243; show_more=&#8221;on&#8221; show_author=&#8221;off&#8221; _builder_version=&#8221;4.27.4&#8243; _module_preset=&#8221;default&#8221; global_colors_info=&#8221;{}&#8221;][\/et_pb_blog][\/et_pb_column][\/et_pb_row][\/et_pb_section]<\/p>\n","protected":false},"excerpt":{"rendered":"<p>Inpro \u00e0 l&#8217;occasion d&#8217;\u00e9v\u00e9nements et de salons Nous participons \u00e0 des \u00e9v\u00e9nements industriels et \u00e0 des foires commerciales, en pr\u00e9sentant des solutions technologiques innovantes et en \u00e9tablissant des alliances strat\u00e9giques.<\/p>\n","protected":false},"author":15,"featured_media":0,"parent":0,"menu_order":0,"comment_status":"closed","ping_status":"closed","template":"","meta":{"_acf_changed":false,"_et_pb_use_builder":"on","_et_pb_old_content":"","_et_gb_content_width":"","footnotes":""},"class_list":["post-30699","page","type-page","status-publish","hentry"],"acf":[],"_links":{"self":[{"href":"https:\/\/www.inprord.com\/fr\/wp-json\/wp\/v2\/pages\/30699","targetHints":{"allow":["GET"]}}],"collection":[{"href":"https:\/\/www.inprord.com\/fr\/wp-json\/wp\/v2\/pages"}],"about":[{"href":"https:\/\/www.inprord.com\/fr\/wp-json\/wp\/v2\/types\/page"}],"author":[{"embeddable":true,"href":"https:\/\/www.inprord.com\/fr\/wp-json\/wp\/v2\/users\/15"}],"replies":[{"embeddable":true,"href":"https:\/\/www.inprord.com\/fr\/wp-json\/wp\/v2\/comments?post=30699"}],"version-history":[{"count":6,"href":"https:\/\/www.inprord.com\/fr\/wp-json\/wp\/v2\/pages\/30699\/revisions"}],"predecessor-version":[{"id":30706,"href":"https:\/\/www.inprord.com\/fr\/wp-json\/wp\/v2\/pages\/30699\/revisions\/30706"}],"wp:attachment":[{"href":"https:\/\/www.inprord.com\/fr\/wp-json\/wp\/v2\/media?parent=30699"}],"curies":[{"name":"wp","href":"https:\/\/api.w.org\/{rel}","templated":true}]}}