{"id":30968,"date":"2024-12-27T11:51:38","date_gmt":"2024-12-27T11:51:38","guid":{"rendered":"https:\/\/www.inprord.com\/?page_id=30968"},"modified":"2025-01-13T10:28:41","modified_gmt":"2025-01-13T10:28:41","slug":"service-client-installateur","status":"publish","type":"page","link":"https:\/\/www.inprord.com\/fr\/service-client-installateur\/","title":{"rendered":"Service Client- Installateur"},"content":{"rendered":"<p>[et_pb_section fb_built=&#8221;1&#8243; admin_label=&#8221;Cabecera&#8221; module_class=&#8221;pagina__cabecera&#8221; _builder_version=&#8221;4.27.0&#8243; background_image=&#8221;https:\/\/www.inprord.com\/wp-content\/uploads\/2024\/10\/servicio-de-atencion-al-cliente-inprord.png&#8221; locked=&#8221;off&#8221; global_colors_info=&#8221;{}&#8221;][et_pb_row admin_label=&#8221;Fila Cabecera&#8221; _builder_version=&#8221;4.16&#8243; global_colors_info=&#8221;{}&#8221;][et_pb_column type=&#8221;4_4&#8243; _builder_version=&#8221;4.16&#8243; global_colors_info=&#8221;{}&#8221;][et_pb_text _builder_version=&#8221;4.27.4&#8243; global_colors_info=&#8221;{}&#8221;]<\/p>\n<div class=\"banner__texto\">\n<h1>Service Client: Installateurs<\/h1>\n<p><span class=\"subtitulo\"><strong>Pour les installateurs:<\/strong> nous sommes \u00e0 votre disposition pour toute question, doute ou suggestion.<br \/><\/span><\/p>\n<\/div>\n<p>[\/et_pb_text][\/et_pb_column][\/et_pb_row][\/et_pb_section][et_pb_section fb_built=&#8221;1&#8243; module_class=&#8221;seccion__sat_formulario&#8221; _builder_version=&#8221;4.16&#8243; custom_margin=&#8221;100px||50px||false|false&#8221; global_colors_info=&#8221;{}&#8221;][et_pb_row column_structure=&#8221;1_2,1_2&#8243; use_custom_gutter=&#8221;on&#8221; gutter_width=&#8221;1&#8243; make_equal=&#8221;on&#8221; custom_padding_last_edited=&#8221;on|phone&#8221; _builder_version=&#8221;4.16&#8243; background_color=&#8221;rgba(76,72,50,0.11)&#8221; background_enable_image=&#8221;off&#8221; max_width=&#8221;1200px&#8221; custom_margin=&#8221;||40px||false|false&#8221; custom_padding=&#8221;0px|0px|0px|0px|true|true&#8221; custom_padding_tablet=&#8221;||||false|true&#8221; custom_padding_phone=&#8221;|0px||0px|false|true&#8221; locked=&#8221;off&#8221; global_colors_info=&#8221;{}&#8221;][et_pb_column type=&#8221;1_2&#8243; _builder_version=&#8221;4.16&#8243; background_enable_color=&#8221;off&#8221; background_image=&#8221;https:\/\/www.inprord.com\/wp-content\/uploads\/2021\/10\/instaladores_soporte.jpeg&#8221; custom_padding=&#8221;20px|20px|20px|20px|false|false&#8221; global_colors_info=&#8221;{}&#8221;][\/et_pb_column][et_pb_column type=&#8221;1_2&#8243; _builder_version=&#8221;4.16&#8243; background_enable_color=&#8221;off&#8221; background_enable_image=&#8221;off&#8221; background_blend=&#8221;soft-light&#8221; custom_padding=&#8221;75px|75px|75px|75px|false|false&#8221; global_colors_info=&#8221;{}&#8221;][et_pb_text _builder_version=&#8221;4.16&#8243; text_text_color=&#8221;#000000&#8243; text_font_size=&#8221;23px&#8221; text_line_height=&#8221;1.5em&#8221; header_font=&#8221;||||||||&#8221; header_3_font=&#8221;|700|||||||&#8221; header_3_text_color=&#8221;#257e81&#8243; header_3_line_height=&#8221;1.5em&#8221; max_width=&#8221;400px&#8221; custom_margin=&#8221;||10px||false|false&#8221; header_3_font_size_tablet=&#8221;20px&#8221; header_3_font_size_phone=&#8221;16px&#8221; header_3_font_size_last_edited=&#8221;on|phone&#8221; locked=&#8221;off&#8221; global_colors_info=&#8221;{}&#8221;]<\/p>\n<h3>SI VOUS \u00caTES INSTALLATEUR<\/h3>\n<p>CONTACTEZ VOTRE DISTRIBUTEUR HABITUEL POUR DEMANDER VOTRE ECHANGE \/ RETOUR OU REPARATION<\/p>\n<p>[\/et_pb_text][et_pb_button button_url=&#8221;@ET-DC@eyJkeW5hbWljIjp0cnVlLCJjb250ZW50IjoicG9zdF9saW5rX3VybF9wYWdlIiwic2V0dGluZ3MiOnsicG9zdF9pZCI6IjcyIn19@&#8221; button_text=&#8221;ENTREZ ICI&#8221; _builder_version=&#8221;4.16&#8243; _dynamic_attributes=&#8221;button_url&#8221; custom_button=&#8221;on&#8221; button_text_size=&#8221;16px&#8221; button_text_color=&#8221;#FFFFFF&#8221; button_bg_color=&#8221;#257e81&#8243; button_border_width=&#8221;2px&#8221; button_border_radius=&#8221;0px&#8221; button_font=&#8221;|700|||||||&#8221; button_icon=&#8221;&#xe03c;||divi||400&#8243; custom_padding=&#8221;15px|30px|18px|30px|false|true&#8221; custom_padding_tablet=&#8221;10px|20px|12px|20px|false|true&#8221; custom_padding_phone=&#8221;8px||10px||false|true&#8221; custom_padding_last_edited=&#8221;on|phone&#8221; button_text_size_tablet=&#8221;14px&#8221; button_text_size_phone=&#8221;&#8221; button_text_size_last_edited=&#8221;on|phone&#8221; locked=&#8221;off&#8221; global_colors_info=&#8221;{}&#8221; button_text_color__hover=&#8221;#000724&#8243; button_text_color__hover_enabled=&#8221;on|desktop&#8221; button_bg_color__hover=&#8221;#FFFFFF&#8221; button_bg_color__hover_enabled=&#8221;on|hover&#8221; custom_padding__hover=&#8221;|45px|||false|false&#8221; custom_padding__hover_enabled=&#8221;on|desktop&#8221; button_border_color__hover=&#8221;RGBA(0,0,0,0)&#8221; button_border_color__hover_enabled=&#8221;on|desktop&#8221;][\/et_pb_button][\/et_pb_column][\/et_pb_row][et_pb_row column_structure=&#8221;1_2,1_2&#8243; use_custom_gutter=&#8221;on&#8221; gutter_width=&#8221;1&#8243; make_equal=&#8221;on&#8221; custom_padding_last_edited=&#8221;on|phone&#8221; _builder_version=&#8221;4.27.4&#8243; background_color=&#8221;rgba(76,72,50,0.11)&#8221; background_enable_image=&#8221;off&#8221; max_width=&#8221;1200px&#8221; custom_margin=&#8221;||60px||false|false&#8221; custom_padding=&#8221;0px|0px|0px|0px|true|true&#8221; custom_padding_tablet=&#8221;||||false|true&#8221; custom_padding_phone=&#8221;|0px||0px|false|true&#8221; locked=&#8221;off&#8221; global_colors_info=&#8221;{}&#8221;][et_pb_column type=&#8221;1_2&#8243; _builder_version=&#8221;4.16&#8243; background_enable_color=&#8221;off&#8221; background_enable_image=&#8221;off&#8221; background_blend=&#8221;soft-light&#8221; custom_padding=&#8221;75px|50px|75px|75px|false|false&#8221; global_colors_info=&#8221;{}&#8221;][et_pb_text _builder_version=&#8221;4.27.4&#8243; text_text_color=&#8221;#000000&#8243; text_font_size=&#8221;23px&#8221; text_line_height=&#8221;1.5em&#8221; header_font=&#8221;||||||||&#8221; header_text_color=&#8221;#257e81&#8243; header_3_font=&#8221;|700|||||||&#8221; header_3_text_color=&#8221;#257e81&#8243; header_3_line_height=&#8221;1.5em&#8221; max_width=&#8221;400px&#8221; custom_margin=&#8221;||10px||false|false&#8221; header_3_font_size_tablet=&#8221;20px&#8221; header_3_font_size_phone=&#8221;16px&#8221; header_3_font_size_last_edited=&#8221;on|phone&#8221; locked=&#8221;off&#8221; global_colors_info=&#8221;{}&#8221;]<\/p>\n<h3>TUTORIELS VID\u00c9O SUR LES PRODUITS<\/h3>\n<p>Vous avez besoin d\u2019aide pour l\u2019installation ou le fonctionnement de l\u2019un de nos \u00e9quipements? Vous avez une panne?<\/p>\n<p>[\/et_pb_text][et_pb_button button_url=&#8221;@ET-DC@eyJkeW5hbWljIjp0cnVlLCJjb250ZW50IjoicG9zdF9saW5rX3VybF9wYWdlIiwic2V0dGluZ3MiOnsicG9zdF9pZCI6IjI3NDgyIn19@&#8221; button_text=&#8221;REGARDER LES VID\u00c9OS&#8221; _builder_version=&#8221;4.27.4&#8243; _dynamic_attributes=&#8221;button_url&#8221; custom_button=&#8221;on&#8221; button_text_size=&#8221;16px&#8221; button_text_color=&#8221;#FFFFFF&#8221; button_bg_color=&#8221;#257e81&#8243; button_border_width=&#8221;2px&#8221; button_border_radius=&#8221;0px&#8221; button_font=&#8221;|700|||||||&#8221; button_icon=&#8221;&#xe03c;||divi||400&#8243; custom_padding=&#8221;15px|30px|18px|30px|false|true&#8221; custom_padding_tablet=&#8221;10px|20px|12px|20px|false|true&#8221; custom_padding_phone=&#8221;8px||10px||false|true&#8221; custom_padding_last_edited=&#8221;on|phone&#8221; button_text_size_tablet=&#8221;14px&#8221; button_text_size_phone=&#8221;&#8221; button_text_size_last_edited=&#8221;on|phone&#8221; locked=&#8221;off&#8221; global_colors_info=&#8221;{}&#8221; button_text_color__hover=&#8221;#000724&#8243; button_text_color__hover_enabled=&#8221;on|desktop&#8221; button_bg_color__hover=&#8221;#FFFFFF&#8221; button_bg_color__hover_enabled=&#8221;on|hover&#8221; custom_padding__hover=&#8221;|45px|||false|false&#8221; custom_padding__hover_enabled=&#8221;on|desktop&#8221; button_border_color__hover=&#8221;RGBA(0,0,0,0)&#8221; button_border_color__hover_enabled=&#8221;on|desktop&#8221;][\/et_pb_button][\/et_pb_column][et_pb_column type=&#8221;1_2&#8243; _builder_version=&#8221;4.27.4&#8243; background_enable_color=&#8221;off&#8221; background_image=&#8221;https:\/\/www.inprord.com\/wp-content\/uploads\/2024\/12\/landing-distribuidores-fr.png&#8221; custom_padding=&#8221;20px|20px|20px|20px|false|false&#8221; global_colors_info=&#8221;{}&#8221;][\/et_pb_column][\/et_pb_row][\/et_pb_section][et_pb_section fb_built=&#8221;1&#8243; module_class=&#8221;seccion__verde&#8221; _builder_version=&#8221;4.16&#8243; locked=&#8221;off&#8221; global_colors_info=&#8221;{}&#8221;][et_pb_row column_structure=&#8221;1_2,1_2&#8243; use_custom_gutter=&#8221;on&#8221; make_equal=&#8221;on&#8221; _builder_version=&#8221;4.16&#8243; min_height=&#8221;300px&#8221; global_colors_info=&#8221;{}&#8221;][et_pb_column type=&#8221;1_2&#8243; _builder_version=&#8221;4.16&#8243; background_image=&#8221;https:\/\/www.inprord.com\/wp-content\/uploads\/2021\/10\/imagen-sat-calidad.jpeg&#8221; global_colors_info=&#8221;{}&#8221;][et_pb_text _builder_version=&#8221;4.16&#8243; global_colors_info=&#8221;{}&#8221;][\/et_pb_text][\/et_pb_column][et_pb_column type=&#8221;1_2&#8243; module_class=&#8221;seccion-verde__columna&#8221; _builder_version=&#8221;4.16&#8243; global_colors_info=&#8221;{}&#8221;][et_pb_text module_class=&#8221;seccion-verde__columna&#8221; _builder_version=&#8221;4.16&#8243; global_colors_info=&#8221;{}&#8221;]<\/p>\n<p>INPRO s\u2019engage \u00e0 la qualit\u00e9 des produits qu\u2019elle fabrique pour garantir la satisfaction maximale de ses clients.<\/p>\n<p>[\/et_pb_text][et_pb_button button_url=&#8221;https:\/\/www.inprord.com\/wp-content\/uploads\/2021\/11\/POLI\u0301TICA-SGC-FR.pdf&#8221; button_text=&#8221;T\u00c9L\u00c9CHARGER POL\u00cdTICA SGC (SISTEMA GESTI\u00d3N CALIDAD) &#8221; _builder_version=&#8221;4.16&#8243; global_colors_info=&#8221;{}&#8221;][\/et_pb_button][\/et_pb_column][\/et_pb_row][\/et_pb_section][et_pb_section fb_built=&#8221;1&#8243; module_class=&#8221;seccion__inpro&#8221; _builder_version=&#8221;4.16&#8243; locked=&#8221;off&#8221; global_colors_info=&#8221;{}&#8221;][et_pb_row column_structure=&#8221;3_5,2_5&#8243; use_custom_gutter=&#8221;on&#8221; make_equal=&#8221;on&#8221; _builder_version=&#8221;4.16&#8243; global_colors_info=&#8221;{}&#8221;][et_pb_column type=&#8221;3_5&#8243; _builder_version=&#8221;4.16&#8243; custom_padding=&#8221;40px||||false|false&#8221; global_colors_info=&#8221;{}&#8221;][et_pb_text _builder_version=&#8221;4.16&#8243; custom_css_main_element=&#8221;padding-bottom: 15px;&#8221; global_colors_info=&#8221;{}&#8221;]<\/p>\n<p>INPRO dispose d&#8217;un syst\u00e8me de gestion de la qualit\u00e9 bas\u00e9 sur la norme UNE-EN-ISO 9001\u00a0:\u00a02015<\/p>\n<p>[\/et_pb_text][et_pb_button button_url=&#8221;https:\/\/www.inprord.com\/wp-content\/uploads\/2023\/07\/17850481-BUP-INPRO-INGLES.23-26.-is-a-copy.pdf&#8221; url_new_window=&#8221;on&#8221; button_text=&#8221;T\u00c9L\u00c9CHARGER CERTIFICADO ISO 9001&#8243; _builder_version=&#8221;4.21.0&#8243; global_colors_info=&#8221;{}&#8221;][\/et_pb_button][\/et_pb_column][et_pb_column type=&#8221;2_5&#8243; _builder_version=&#8221;4.16&#8243; background_enable_image=&#8221;off&#8221; global_colors_info=&#8221;{}&#8221;][et_pb_image src=&#8221;https:\/\/www.inprord.com\/wp-content\/uploads\/2021\/09\/logo-ISO9001_color-01-1.jpg&#8221; title_text=&#8221;logo-ISO9001_color-01 (1)&#8221; align=&#8221;center&#8221; module_class=&#8221;sat__logo-certificacion&#8221; _builder_version=&#8221;4.16&#8243; background_enable_image=&#8221;off&#8221; width=&#8221;100%&#8221; global_colors_info=&#8221;{}&#8221;][\/et_pb_image][\/et_pb_column][\/et_pb_row][\/et_pb_section][et_pb_section fb_built=&#8221;1&#8243; module_class=&#8221;seccion__sat&#8221; _builder_version=&#8221;4.16&#8243; global_colors_info=&#8221;{}&#8221; locked=&#8221;off&#8221;][et_pb_row _builder_version=&#8221;4.16&#8243; _module_preset=&#8221;default&#8221; locked=&#8221;off&#8221; global_colors_info=&#8221;{}&#8221;][et_pb_column type=&#8221;4_4&#8243; _builder_version=&#8221;4.16&#8243; _module_preset=&#8221;default&#8221; global_colors_info=&#8221;{}&#8221;][et_pb_text _builder_version=&#8221;4.16&#8243; _module_preset=&#8221;default&#8221; global_colors_info=&#8221;{}&#8221;]<\/p>\n<h4 style=\"font-weight: 400; text-align: center;\"><strong>Les heures d&#8217;ouverture du service client pour WhatsApp seront du lundi au vendredi de 08h00 \u00e0 15h00<\/strong><\/h4>\n<p style=\"font-weight: 400;\">[\/et_pb_text][\/et_pb_column][\/et_pb_row][et_pb_row column_structure=&#8221;1_2,1_2&#8243; use_custom_gutter=&#8221;on&#8221; gutter_width=&#8221;1&#8243; make_equal=&#8221;on&#8221; custom_padding_last_edited=&#8221;on|phone&#8221; _builder_version=&#8221;4.16&#8243; background_enable_color=&#8221;off&#8221; background_enable_image=&#8221;off&#8221; max_width=&#8221;1200px&#8221; custom_padding=&#8221;0px|0px|0px|0px|true|true&#8221; custom_padding_tablet=&#8221;||||false|true&#8221; custom_padding_phone=&#8221;|0px||0px|false|true&#8221; locked=&#8221;off&#8221; global_colors_info=&#8221;{}&#8221;][et_pb_column type=&#8221;1_2&#8243; _builder_version=&#8221;4.16&#8243; background_enable_color=&#8221;off&#8221; background_enable_image=&#8221;off&#8221; background_blend=&#8221;soft-light&#8221; custom_padding=&#8221;20px|20px|20px|20px|false|false&#8221; global_colors_info=&#8221;{}&#8221;][et_pb_image src=&#8221;https:\/\/www.inprord.com\/wp-content\/uploads\/2021\/10\/asesoramiento-te\u0301cnico.png&#8221; title_text=&#8221;asesoramiento te\u0301cnico&#8221; align=&#8221;center&#8221; module_class=&#8221;soporte__icono&#8221; _builder_version=&#8221;4.16&#8243; max_width=&#8221;60px&#8221; global_colors_info=&#8221;{}&#8221;][\/et_pb_image][et_pb_text _builder_version=&#8221;4.27.4&#8243; text_text_color=&#8221;#000064&#8243; header_font=&#8221;||||||||&#8221; header_3_font=&#8221;Raleway|700|||||||&#8221; header_3_text_color=&#8221;#267e81&#8243; header_3_font_size=&#8221;18px&#8221; header_3_line_height=&#8221;1.5em&#8221; text_orientation=&#8221;center&#8221; custom_margin=&#8221;||10px||false|false&#8221; header_3_font_size_tablet=&#8221;20px&#8221; header_3_font_size_phone=&#8221;16px&#8221; header_3_font_size_last_edited=&#8221;on|phone&#8221; locked=&#8221;off&#8221; global_colors_info=&#8221;{}&#8221;]<\/p>\n<h3>Conseil Technique<\/h3>\n<p><span style=\"color: #333333;\">(conseil technique en anglais ou en espagnol)<\/span><\/p>\n<p>[\/et_pb_text][et_pb_code _builder_version=&#8221;4.27.4&#8243; global_colors_info=&#8221;{}&#8221;]<\/p>\n<div class=\"contacto__datos\"><!-- [et_pb_line_break_holder] -->    <\/p>\n<div class=\"contacto__seccion\"><!-- [et_pb_line_break_holder] -->        <span> Jauges de mesure et contr\u00f4le pour les r\u00e9servoirs<\/span><!-- [et_pb_line_break_holder] -->    <\/div>\n<p><!-- [et_pb_line_break_holder] -->    <\/p>\n<div class=\"contacto__telefono\"><!-- [et_pb_line_break_holder] -->        <\/p>\n<div class=\"contacto__numero\"><!-- [et_pb_line_break_holder] -->            <strong>+34 658 64 49 08- EXT 119<\/strong><!-- [et_pb_line_break_holder] -->        <\/div>\n<p><!-- [et_pb_line_break_holder] -->        <\/p>\n<div class=\"contacto__whatsapp\"><!-- [et_pb_line_break_holder] -->            <a href=\"https:\/\/wa.me\/+34658644908\"><!-- [et_pb_line_break_holder] -->            <img<!-- [et_pb_line_break_holder] -->                    class=&#8221;icono__wasap alignnone wp-image-3179&#8243;<!-- [et_pb_line_break_holder] -->                    src=&#8221;https:\/\/www.inprord.com\/wp-content\/uploads\/2021\/10\/Whatsapp-Logo-PNG.png&#8221; alt=&#8221;&#8221; width=&#8221;30&#8243;<!-- [et_pb_line_break_holder] -->                    height=&#8221;30&#8243;\/><!-- [et_pb_line_break_holder] -->            <\/a><!-- [et_pb_line_break_holder] -->        <\/div>\n<p><!-- [et_pb_line_break_holder] -->    <\/div>\n<p><!-- [et_pb_line_break_holder] --><\/div>\n<p><!-- [et_pb_line_break_holder] --><!-- [et_pb_line_break_holder] --><!-- [et_pb_line_break_holder] -->[\/et_pb_code][et_pb_code _builder_version=&#8221;4.27.4&#8243; global_colors_info=&#8221;{}&#8221;]<\/p>\n<div class=\"contacto__datos\"><!-- [et_pb_line_break_holder] -->    <\/p>\n<div class=\"contacto__seccion\"><!-- [et_pb_line_break_holder] -->        <span>Groupe transfert<\/span><!-- [et_pb_line_break_holder] -->    <\/div>\n<p><!-- [et_pb_line_break_holder] -->    <\/p>\n<div class=\"contacto__telefono\"><!-- [et_pb_line_break_holder] -->        <\/p>\n<div class=\"contacto__numero\"><!-- [et_pb_line_break_holder] -->            <strong>+34 658 64 49 08 &#8211; EXT 114<\/strong><!-- [et_pb_line_break_holder] -->        <\/div>\n<p><!-- [et_pb_line_break_holder] -->        <\/p>\n<div class=\"contacto__whatsapp\"><!-- [et_pb_line_break_holder] -->            <a href=\"https:\/\/wa.me\/+34658644908\"><!-- [et_pb_line_break_holder] -->            <img<!-- [et_pb_line_break_holder] -->                    class=&#8221;icono__wasap alignnone wp-image-3179&#8243;<!-- [et_pb_line_break_holder] -->                    src=&#8221;https:\/\/www.inprord.com\/wp-content\/uploads\/2021\/10\/Whatsapp-Logo-PNG.png&#8221; alt=&#8221;&#8221; width=&#8221;30&#8243;<!-- [et_pb_line_break_holder] -->                    height=&#8221;30&#8243;\/><!-- [et_pb_line_break_holder] -->            <\/a><!-- [et_pb_line_break_holder] -->        <\/div>\n<p><!-- [et_pb_line_break_holder] -->    <\/div>\n<p><!-- [et_pb_line_break_holder] --><\/div>\n<p><!-- [et_pb_line_break_holder] --><!-- [et_pb_line_break_holder] --><!-- [et_pb_line_break_holder] -->[\/et_pb_code][\/et_pb_column][et_pb_column type=&#8221;1_2&#8243; _builder_version=&#8221;4.16&#8243; background_enable_color=&#8221;off&#8221; background_enable_image=&#8221;off&#8221; background_blend=&#8221;soft-light&#8221; custom_padding=&#8221;20px|20px|20px|20px|false|false&#8221; global_colors_info=&#8221;{}&#8221;][et_pb_image src=&#8221;https:\/\/www.inprord.com\/wp-content\/uploads\/2021\/10\/proyectos-ad-hoc.png&#8221; title_text=&#8221;proyectos ad-hoc&#8221; align=&#8221;center&#8221; module_class=&#8221;soporte__icono&#8221; _builder_version=&#8221;4.16&#8243; max_width=&#8221;60px&#8221; global_colors_info=&#8221;{}&#8221;][\/et_pb_image][et_pb_text _builder_version=&#8221;4.16&#8243; text_text_color=&#8221;#000064&#8243; header_font=&#8221;||||||||&#8221; header_3_font=&#8221;Raleway|700|||||||&#8221; header_3_text_color=&#8221;#267e81&#8243; header_3_font_size=&#8221;18px&#8221; header_3_line_height=&#8221;1.5em&#8221; text_orientation=&#8221;center&#8221; custom_margin=&#8221;||10px||false|false&#8221; header_3_font_size_tablet=&#8221;20px&#8221; header_3_font_size_phone=&#8221;16px&#8221; header_3_font_size_last_edited=&#8221;on|phone&#8221; locked=&#8221;off&#8221; global_colors_info=&#8221;{}&#8221;]<\/p>\n<h3>Vous souhaitez r\u00e9aliser un projet sur mesure?<\/h3>\n<p>[\/et_pb_text][et_pb_code _builder_version=&#8221;4.16&#8243; global_colors_info=&#8221;{}&#8221;]<\/p>\n<div class=\"contacto__datos\"><!-- [et_pb_line_break_holder] --> <!-- [et_pb_line_break_holder] -->    <\/p>\n<div class=\"contacto__telefono\"><!-- [et_pb_line_break_holder] -->        <\/p>\n<div class=\"contacto__numero\"><!-- [et_pb_line_break_holder] -->            <strong>+34 654 80 12 02<\/strong><!-- [et_pb_line_break_holder] -->        <\/div>\n<p><!-- [et_pb_line_break_holder] -->        <\/p>\n<div class=\"contacto__whatsapp\"><!-- [et_pb_line_break_holder] -->            <a href=\"https:\/\/wa.me\/+34654801202\"><!-- [et_pb_line_break_holder] -->            <img<!-- [et_pb_line_break_holder] -->                    class=&#8221;icono__wasap alignnone wp-image-3179&#8243;<!-- [et_pb_line_break_holder] -->                    src=&#8221;https:\/\/www.inprord.com\/wp-content\/uploads\/2021\/10\/Whatsapp-Logo-PNG.png&#8221; alt=&#8221;&#8221; width=&#8221;30&#8243;<!-- [et_pb_line_break_holder] -->                    height=&#8221;30&#8243;\/><!-- [et_pb_line_break_holder] -->            <\/a><!-- [et_pb_line_break_holder] -->        <\/div>\n<p><!-- [et_pb_line_break_holder] -->    <\/div>\n<p><!-- [et_pb_line_break_holder] --><\/div>\n<p><!-- [et_pb_line_break_holder] --><!-- [et_pb_line_break_holder] --><!-- [et_pb_line_break_holder] -->[\/et_pb_code][\/et_pb_column][\/et_pb_row][\/et_pb_section]<\/p>\n","protected":false},"excerpt":{"rendered":"<p>Service Client: Installateurs Pour les installateurs: nous sommes \u00e0 votre disposition pour toute question, doute ou suggestion. SI VOUS \u00caTES INSTALLATEUR CONTACTEZ VOTRE DISTRIBUTEUR HABITUEL POUR DEMANDER VOTRE ECHANGE \/ RETOUR OU REPARATIONTUTORIELS VID\u00c9O SUR LES PRODUITS Vous avez besoin d\u2019aide pour l\u2019installation ou le fonctionnement de l\u2019un de nos \u00e9quipements? Vous avez une panne?INPRO [&hellip;]<\/p>\n","protected":false},"author":15,"featured_media":0,"parent":0,"menu_order":0,"comment_status":"closed","ping_status":"closed","template":"","meta":{"_acf_changed":false,"_et_pb_use_builder":"on","_et_pb_old_content":"","_et_gb_content_width":"","footnotes":""},"class_list":["post-30968","page","type-page","status-publish","hentry"],"acf":[],"_links":{"self":[{"href":"https:\/\/www.inprord.com\/fr\/wp-json\/wp\/v2\/pages\/30968","targetHints":{"allow":["GET"]}}],"collection":[{"href":"https:\/\/www.inprord.com\/fr\/wp-json\/wp\/v2\/pages"}],"about":[{"href":"https:\/\/www.inprord.com\/fr\/wp-json\/wp\/v2\/types\/page"}],"author":[{"embeddable":true,"href":"https:\/\/www.inprord.com\/fr\/wp-json\/wp\/v2\/users\/15"}],"replies":[{"embeddable":true,"href":"https:\/\/www.inprord.com\/fr\/wp-json\/wp\/v2\/comments?post=30968"}],"version-history":[{"count":12,"href":"https:\/\/www.inprord.com\/fr\/wp-json\/wp\/v2\/pages\/30968\/revisions"}],"predecessor-version":[{"id":31014,"href":"https:\/\/www.inprord.com\/fr\/wp-json\/wp\/v2\/pages\/30968\/revisions\/31014"}],"wp:attachment":[{"href":"https:\/\/www.inprord.com\/fr\/wp-json\/wp\/v2\/media?parent=30968"}],"curies":[{"name":"wp","href":"https:\/\/api.w.org\/{rel}","templated":true}]}}