{"id":5737,"date":"2021-09-05T22:20:38","date_gmt":"2021-09-05T22:20:38","guid":{"rendered":"https:\/\/www.inprogroup.net\/inpro-connected\/"},"modified":"2024-03-19T10:26:15","modified_gmt":"2024-03-19T10:26:15","slug":"inpro-connected","status":"publish","type":"page","link":"https:\/\/www.inprord.com\/fr\/inpro-connected\/","title":{"rendered":"INPRO CONNECTED"},"content":{"rendered":"<p>[et_pb_section fb_built=&#8221;1&#8243; admin_label=&#8221;Cabecera&#8221; module_class=&#8221;pagina__cabecera&#8221; _builder_version=&#8221;4.16&#8243; background_image=&#8221;https:\/\/www.inprord.com\/wp-content\/uploads\/2021\/09\/inprod-connected.jpg&#8221; background_position=&#8221;top_center&#8221; locked=&#8221;off&#8221; global_colors_info=&#8221;{}&#8221;][et_pb_row admin_label=&#8221;Fila Cabecera&#8221; _builder_version=&#8221;4.16&#8243; global_colors_info=&#8221;{}&#8221;][et_pb_column type=&#8221;4_4&#8243; _builder_version=&#8221;4.16&#8243; global_colors_info=&#8221;{}&#8221;][et_pb_text _builder_version=&#8221;4.16&#8243; global_colors_info=&#8221;{}&#8221;]<\/p>\n<div class=\"banner__texto\">\n<h1>Inpro Connected<\/h1>\n<p><span class=\"subtitulo\">Produits dot\u00e9s de connectivit\u00e9<br \/><\/span><\/p>\n<\/div>\n<p>[\/et_pb_text][\/et_pb_column][\/et_pb_row][\/et_pb_section][et_pb_section fb_built=&#8221;1&#8243; _builder_version=&#8221;4.16&#8243; global_colors_info=&#8221;{}&#8221;][et_pb_row _builder_version=&#8221;4.16&#8243; global_colors_info=&#8221;{}&#8221;][et_pb_column type=&#8221;4_4&#8243; _builder_version=&#8221;4.16&#8243; global_colors_info=&#8221;{}&#8221;][et_pb_text _builder_version=&#8221;4.16&#8243; text_font_size=&#8221;18px&#8221; custom_margin=&#8221;||20px||false|false&#8221; global_colors_info=&#8221;{}&#8221;]<\/p>\n<p>&nbsp;<\/p>\n<p style=\"text-align: left;\">Num\u00e9risation et int\u00e9gration des communications dans les produits Inpro ou d&#8217;autres fabricants pour les doter d&#8217;une connectivit\u00e9.<\/p>\n<p>&nbsp;<\/p>\n<p style=\"text-align: left;\">Inpro Connected apporte de la souplesse et de la valeur aux entreprises en leur permettant d&#8217;acc\u00e9der \u00e0 de nouveaux secteurs d&#8217;activit\u00e9 et \u00e0 des projets auxquels elles ne pouvaient pas participer auparavant en raison du manque de connexions et des limites de la communication, tant en termes de prix que de technologie.  <\/p>\n<h3>\u00a0<\/h3>\n<h3 class=\"text-2xl verde mb-2 font-extrabold\" style=\"text-align: center;\">LA SURVEILLANCE D&#8217;\u00c9TAT ET DES ALARMES DANS LES INSTALLATIONS NON SURVEILL\u00c9ES <\/h3>\n<p>[\/et_pb_text][et_pb_image src=&#8221;https:\/\/www.inprord.com\/wp-content\/uploads\/2021\/11\/imagen-monitorizacion-alarmas-fr.png&#8221; title_text=&#8221;imagen-monitorizacion-alarmas-fr&#8221; align=&#8221;center&#8221; _builder_version=&#8221;4.16&#8243; global_colors_info=&#8221;{}&#8221;][\/et_pb_image][\/et_pb_column][\/et_pb_row][\/et_pb_section][et_pb_section fb_built=&#8221;1&#8243; module_class=&#8221;fondo__verde inpro-connected__funcionalidades&#8221; _builder_version=&#8221;4.16&#8243; custom_padding=&#8221;30px||30px||false|false&#8221; global_colors_info=&#8221;{}&#8221;][et_pb_row column_structure=&#8221;1_3,1_3,1_3&#8243; _builder_version=&#8221;4.16&#8243; custom_padding=&#8221;30px||30px||false|false&#8221; global_colors_info=&#8221;{}&#8221;][et_pb_column type=&#8221;1_3&#8243; _builder_version=&#8221;4.16&#8243; global_colors_info=&#8221;{}&#8221;][et_pb_image src=&#8221;https:\/\/www.inprord.com\/wp-content\/uploads\/2021\/09\/imagen-trasiego-hidrocarburos.png&#8221; title_text=&#8221;imagen-trasiego-hidrocarburos&#8221; align=&#8221;center&#8221; module_class=&#8221;inpro-connected__funcionalidad&#8221; _builder_version=&#8221;4.16&#8243; global_colors_info=&#8221;{}&#8221;][\/et_pb_image][et_pb_text _builder_version=&#8221;4.16&#8243; global_colors_info=&#8221;{}&#8221;]<\/p>\n<h3 style=\"text-align: center;\">Transfert d&#8217;hydrocarbures<\/h3>\n<p style=\"text-align: center;\">Chauffage et g\u00e9n\u00e9rateurs de secours <\/p>\n<p>[\/et_pb_text][\/et_pb_column][et_pb_column type=&#8221;1_3&#8243; _builder_version=&#8221;4.16&#8243; global_colors_info=&#8221;{}&#8221;][et_pb_image src=&#8221;https:\/\/www.inprord.com\/wp-content\/uploads\/2021\/09\/imagen-piramide-control-nivel.png&#8221; title_text=&#8221;imagen-piramide-control-nivel&#8221; align=&#8221;center&#8221; module_class=&#8221;inpro-connected__funcionalidad&#8221; _builder_version=&#8221;4.16&#8243; global_colors_info=&#8221;{}&#8221;][\/et_pb_image][et_pb_text _builder_version=&#8221;4.16&#8243; global_colors_info=&#8221;{}&#8221;]<\/p>\n<h3 style=\"text-align: center;\">Mesure et contr\u00f4le du niveau<\/h3>\n<p style=\"text-align: center;\">Contr\u00f4le le niveau du liquide stock\u00e9 dans les r\u00e9servoirs <\/p>\n<p>[\/et_pb_text][\/et_pb_column][et_pb_column type=&#8221;1_3&#8243; _builder_version=&#8221;4.16&#8243; global_colors_info=&#8221;{}&#8221;][et_pb_image src=&#8221;https:\/\/www.inprord.com\/wp-content\/uploads\/2021\/09\/imagen-deteccion-fugas.png&#8221; title_text=&#8221;imagen-deteccion-fugas&#8221; align=&#8221;center&#8221; module_class=&#8221;inpro-connected__funcionalidad&#8221; _builder_version=&#8221;4.16&#8243; global_colors_info=&#8221;{}&#8221;][\/et_pb_image][et_pb_text _builder_version=&#8221;4.16&#8243; global_colors_info=&#8221;{}&#8221;]<\/p>\n<h3 style=\"text-align: center;\">D\u00e9tection de fuites<\/h3>\n<p style=\"text-align: center;\">De tous types de fluides <\/p>\n<p>[\/et_pb_text][\/et_pb_column][\/et_pb_row][\/et_pb_section][et_pb_section fb_built=&#8221;1&#8243; admin_label=&#8221;Plataforma&#8221; _builder_version=&#8221;4.16&#8243; global_colors_info=&#8221;{}&#8221;][et_pb_row _builder_version=&#8221;4.16&#8243; global_colors_info=&#8221;{}&#8221;][et_pb_column type=&#8221;4_4&#8243; _builder_version=&#8221;4.16&#8243; global_colors_info=&#8221;{}&#8221;][et_pb_code _builder_version=&#8221;4.16&#8243; global_colors_info=&#8221;{}&#8221;]<\/p>\n<div class=\"inpro-connected__plataforma \"><!-- [et_pb_line_break_holder] -->    <\/p>\n<div class=\"inpro-connected__seccion\"><!-- [et_pb_line_break_holder] -->        <\/p>\n<h3 style=\"text-align: center;\">PLATEFORME COMPL\u00c8TE POUR LA MAINTENANCE \u00c0 DISTANCE ET PR\u00c9DICTIVE<\/h3>\n<p><!-- [et_pb_line_break_holder] -->    <\/div>\n<p><!-- [et_pb_line_break_holder] -->    <\/p>\n<div class=\"inpro-connected__seccion\" style=\"text-align: center;\"><!-- [et_pb_line_break_holder] -->        <pee class=\"text-2xl\">Connexion d&#8217;\u00e9quipements non surveill\u00e9s pour la surveillance et la gestion \u00e0 distance des signaux critiques via la plateforme Inpro Cloud: <\/pee><!-- [et_pb_line_break_holder] --><!-- [et_pb_line_break_holder] -->    <\/div>\n<p><!-- [et_pb_line_break_holder] -->    <\/p>\n<div class=\"inpro-connected__seccio\" style=\"text-align: center;\"><span class=\"inpro-connected__caracteristica\">Alertes pr\u00e9coces et notification d&#8217;\u00e9v\u00e9nements.<\/span><span<!-- [et_pb_line_break_holder] -->            class=&#8221;inpro-connected__caracteristica&#8221;>Maintenance pr\u00e9dictive et rapports.<\/span><span<!-- [et_pb_line_break_holder] -->            class=&#8221;inpro-connected__caracteristica&#8221;>Con\u00e7u pour fonctionner dans le monde entier en int\u00e9grant les technologies de communication mondiales : LTE, NBIOT, 2G ET 3G.<\/span><!-- [et_pb_line_break_holder] -->    <\/div>\n<p><!-- [et_pb_line_break_holder] -->    <\/p>\n<div><\/div>\n<p><!-- [et_pb_line_break_holder] --><\/div>\n<p>[\/et_pb_code][\/et_pb_column][\/et_pb_row][\/et_pb_section][et_pb_section fb_built=&#8221;1&#8243; module_class=&#8221;fondo__verde&#8221; _builder_version=&#8221;4.16&#8243; global_colors_info=&#8221;{}&#8221;][et_pb_row _builder_version=&#8221;4.16&#8243; global_colors_info=&#8221;{}&#8221;][et_pb_column type=&#8221;4_4&#8243; _builder_version=&#8221;4.16&#8243; global_colors_info=&#8221;{}&#8221;][et_pb_text _builder_version=&#8221;4.16&#8243; global_colors_info=&#8221;{}&#8221;]<\/p>\n<div class=\"inpro-connected contenido mb-12 mt-12 \">\n<div class=\"inpro-connected__seccion mb-6 flex flex-col text-center\">\n<h3 class=\"text-2xl verde mb-4 font-extrabold\" style=\"text-align: center;\">La connexion est \u00e9tablie gr\u00e2ce au KIT DE L&#8217;INSTALLATEUR qui se compose d&#8217;un satellite, d&#8217;une passerelle et d&#8217;un acc\u00e8s \u00e0 la plateforme INPRO CLOUD pour la visualisation des donn\u00e9es. <\/h3>\n<\/div>\n<\/div>\n<p>[\/et_pb_text][\/et_pb_column][\/et_pb_row][\/et_pb_section][et_pb_section fb_built=&#8221;1&#8243; _builder_version=&#8221;4.16&#8243; global_colors_info=&#8221;{}&#8221;][et_pb_row _builder_version=&#8221;4.16&#8243; global_colors_info=&#8221;{}&#8221;][et_pb_column type=&#8221;4_4&#8243; _builder_version=&#8221;4.16&#8243; global_colors_info=&#8221;{}&#8221;][et_pb_image src=&#8221;https:\/\/www.inprord.com\/wp-content\/uploads\/2021\/11\/imagen-esquema-gateway-fr.png&#8221; title_text=&#8221;imagen-esquema-gateway-fr&#8221; align=&#8221;center&#8221; _builder_version=&#8221;4.16&#8243; global_colors_info=&#8221;{}&#8221;][\/et_pb_image][\/et_pb_column][\/et_pb_row][\/et_pb_section][et_pb_section fb_built=&#8221;1&#8243; admin_label=&#8221;Ventajas&#8221; module_class=&#8221;fondo__verde&#8221; _builder_version=&#8221;4.16&#8243; global_colors_info=&#8221;{}&#8221;][et_pb_row _builder_version=&#8221;4.16&#8243; global_colors_info=&#8221;{}&#8221;][et_pb_column type=&#8221;4_4&#8243; _builder_version=&#8221;4.16&#8243; global_colors_info=&#8221;{}&#8221;][et_pb_code _builder_version=&#8221;4.16&#8243; global_colors_info=&#8221;{}&#8221;]<\/p>\n<div class=\"inpro-connected__ventajas\"><!-- [et_pb_line_break_holder] -->    <\/p>\n<div class=\"inpro-connected__seccion\"><!-- [et_pb_line_break_holder] -->        <\/p>\n<div class=\"inpro-connected__seccion\"><!-- [et_pb_line_break_holder] -->            <\/p>\n<h3  style=\"text-align: center;\">QUELS SONT LES AVANTAGES DE LA PLATEFORME ?<\/h3>\n<p><!-- [et_pb_line_break_holder] -->        <\/div>\n<p><!-- [et_pb_line_break_holder] -->        <span class=\"inpro-connected__caracteristica \">Co\u00fbt de mise en \u0153uvre minimal.<\/span><!-- [et_pb_line_break_holder] --><!-- [et_pb_line_break_holder] -->        <span class=\"inpro-connected__caracteristica \">R\u00e9duction du nombre de d\u00e9placements et optimisation des itin\u00e9raires.<\/span><!-- [et_pb_line_break_holder] --><!-- [et_pb_line_break_holder] -->        <span class=\"inpro-connected__caracteristica \">Adaptation aux besoins de chaque installation.<\/span><!-- [et_pb_line_break_holder] --><!-- [et_pb_line_break_holder] -->        <span class=\"inpro-connected__caracteristica \">Historique des \u00e9v\u00e9nements sur la plateforme.<\/span><!-- [et_pb_line_break_holder] --><!-- [et_pb_line_break_holder] -->        <span class=\"inpro-connected__caracteristica \">Communications et 5 ans d&#8217;acc\u00e8s \u00e0 la plateforme Inpro Cloud inclus. <\/span><!-- [et_pb_line_break_holder] --><!-- [et_pb_line_break_holder] -->    <\/div>\n<p><!-- [et_pb_line_break_holder] --><\/div>\n<p><!-- [et_pb_line_break_holder] -->[\/et_pb_code][\/et_pb_column][\/et_pb_row][\/et_pb_section][et_pb_section fb_built=&#8221;1&#8243; module_class=&#8221;inpro-connect__pie&#8221; _builder_version=&#8221;4.16&#8243; global_colors_info=&#8221;{}&#8221;][et_pb_row column_structure=&#8221;1_2,1_2&#8243; _builder_version=&#8221;4.16&#8243; global_colors_info=&#8221;{}&#8221;][et_pb_column type=&#8221;1_2&#8243; _builder_version=&#8221;4.16&#8243; global_colors_info=&#8221;{}&#8221;][et_pb_image src=&#8221;https:\/\/www.inprord.com\/wp-content\/uploads\/2024\/03\/Inpro-gateway-iot-1.jpg&#8221; _builder_version=&#8221;4.24.0&#8243; _module_preset=&#8221;default&#8221; title_text=&#8221;Inpro-gateway-iot&#8221; hover_enabled=&#8221;0&#8243; sticky_enabled=&#8221;0&#8243; url=&#8221;https:\/\/www.inprord.com\/fr\/productos\/inpro-iot-gateway-multicom\/&#8221;][\/et_pb_image][et_pb_text _builder_version=&#8221;4.24.0&#8243; _module_preset=&#8221;default&#8221; custom_padding=&#8221;15px||||false|false&#8221; hover_enabled=&#8221;0&#8243; sticky_enabled=&#8221;0&#8243; text_font_size=&#8221;16px&#8221;]<\/p>\n<p style=\"text-align: center;\"><span>Surveillance des \u00e9quipements gr\u00e2ce au GATEWAY IoT Inpro Multicom compos\u00e9 d&#8217;entr\u00e9es\/sorties num\u00e9riques et analogiques permettant de connecter les principaux signaux de l&#8217;\u00e9quipement, quel que soit le fabricant ou le type d&#8217;\u00e9quipement.<\/span><\/p>\n<p>[\/et_pb_text][\/et_pb_column][et_pb_column type=&#8221;1_2&#8243; _builder_version=&#8221;4.16&#8243; global_colors_info=&#8221;{}&#8221;][et_pb_code _builder_version=&#8221;4.16&#8243; global_colors_info=&#8221;{}&#8221;]<\/p>\n<div class=\"inpro-connect__cloud\"><!-- [et_pb_line_break_holder] -->        <a href=\"\/fr\/producto\/aic\"><!-- [et_pb_line_break_holder] -->            <\/p>\n<div class=\"inpro-connect__circulo\"><!-- [et_pb_line_break_holder] -->                <\/p>\n<div class=\"inpro-connected__icono text-center\"><!-- [et_pb_line_break_holder] -->                    <img decoding=\"async\" class=\"inpro-connected__icono-cloud\" src=\"\/images\/imagen-cloud-inprod.png\"<!-- [et_pb_line_break_holder] -->                         alt=&#8221;Inpro connected Detecci\u00f3n de fugas&#8221;><!-- [et_pb_line_break_holder] -->                <\/div>\n<p><!-- [et_pb_line_break_holder] -->                <\/p>\n<div class=\"inpro-connected__funcionalidad text-center text-white\"><!-- [et_pb_line_break_holder] -->                    <\/p>\n<h3><!-- [et_pb_line_break_holder] -->                        ACC\u00c9S PLATAFORM<!\u2013- [et_pb_br_holder] -\u2013>INPRO CLOUD<!-- [et_pb_line_break_holder] --><!-- [et_pb_line_break_holder] -->                    <\/h3>\n<p><!-- [et_pb_line_break_holder] -->                <\/div>\n<p><!-- [et_pb_line_break_holder] -->            <\/div>\n<p><!-- [et_pb_line_break_holder] -->        <\/a><!-- [et_pb_line_break_holder] -->        <\/p>\n<div class=\"inpro-connected__funcionalidad text-xl text-center mt-6 text-gray\"><!-- [et_pb_line_break_holder] -->            <pee>La plateforme Inpro Cloud num\u00e9rise et connecte les \u00e9quipements sans surveillance pour la surveillance et la gestion \u00e0 distance des signaux critiques : alertes pr\u00e9coces, maintenance pr\u00e9dictive, notification d&#8217;\u00e9v\u00e9nements et rapports.  <\/pee><!-- [et_pb_line_break_holder] -->        <\/div>\n<p><!-- [et_pb_line_break_holder] -->   <!-- [et_pb_line_break_holder] --><\/div>\n<p>[\/et_pb_code][\/et_pb_column][\/et_pb_row][\/et_pb_section]<\/p>\n","protected":false},"excerpt":{"rendered":"<p>Inpro Connected Produits dot\u00e9s de connectivit\u00e9 &nbsp; Num\u00e9risation et int\u00e9gration des communications dans les produits Inpro ou d&#8217;autres fabricants pour les doter d&#8217;une connectivit\u00e9. &nbsp; Inpro Connected apporte de la souplesse et de la valeur aux entreprises en leur permettant d&#8217;acc\u00e9der \u00e0 de nouveaux secteurs d&#8217;activit\u00e9 et \u00e0 des projets auxquels elles ne pouvaient pas [&hellip;]<\/p>\n","protected":false},"author":1,"featured_media":0,"parent":0,"menu_order":0,"comment_status":"closed","ping_status":"closed","template":"","meta":{"_acf_changed":false,"_et_pb_use_builder":"on","_et_pb_old_content":"","_et_gb_content_width":"","footnotes":""},"class_list":["post-5737","page","type-page","status-publish","hentry"],"acf":[],"_links":{"self":[{"href":"https:\/\/www.inprord.com\/fr\/wp-json\/wp\/v2\/pages\/5737","targetHints":{"allow":["GET"]}}],"collection":[{"href":"https:\/\/www.inprord.com\/fr\/wp-json\/wp\/v2\/pages"}],"about":[{"href":"https:\/\/www.inprord.com\/fr\/wp-json\/wp\/v2\/types\/page"}],"author":[{"embeddable":true,"href":"https:\/\/www.inprord.com\/fr\/wp-json\/wp\/v2\/users\/1"}],"replies":[{"embeddable":true,"href":"https:\/\/www.inprord.com\/fr\/wp-json\/wp\/v2\/comments?post=5737"}],"version-history":[{"count":13,"href":"https:\/\/www.inprord.com\/fr\/wp-json\/wp\/v2\/pages\/5737\/revisions"}],"predecessor-version":[{"id":23968,"href":"https:\/\/www.inprord.com\/fr\/wp-json\/wp\/v2\/pages\/5737\/revisions\/23968"}],"wp:attachment":[{"href":"https:\/\/www.inprord.com\/fr\/wp-json\/wp\/v2\/media?parent=5737"}],"curies":[{"name":"wp","href":"https:\/\/api.w.org\/{rel}","templated":true}]}}